{"id":10962,"date":"2024-09-11T19:52:46","date_gmt":"2024-09-11T17:52:46","guid":{"rendered":"https:\/\/aspeninstitutece.softmedia.cz\/programy\/vzdelavani\/educational-leadership-school-principals\/"},"modified":"2024-11-22T13:15:37","modified_gmt":"2024-11-22T12:15:37","slug":"vzdelavaci-leadership-reditele-skol","status":"publish","type":"page","link":"https:\/\/www.aspeninstitutece.org\/cs\/programy\/vzdelavani\/vzdelavaci-leadership-reditele-skol\/","title":{"rendered":"Vzd\u011bl\u00e1vac\u00ed leadership &#038; \u0159editel\u00e9 \u0161kol"},"content":{"rendered":"","protected":false},"excerpt":{"rendered":"","protected":false},"author":2,"featured_media":5074,"parent":10953,"menu_order":0,"comment_status":"closed","ping_status":"closed","template":"","meta":{"_acf_changed":false,"footnotes":""},"class_list":["post-10962","page","type-page","status-publish","has-post-thumbnail","hentry"],"acf":[],"_links":{"self":[{"href":"https:\/\/www.aspeninstitutece.org\/cs\/wp-json\/wp\/v2\/pages\/10962","targetHints":{"allow":["GET"]}}],"collection":[{"href":"https:\/\/www.aspeninstitutece.org\/cs\/wp-json\/wp\/v2\/pages"}],"about":[{"href":"https:\/\/www.aspeninstitutece.org\/cs\/wp-json\/wp\/v2\/types\/page"}],"author":[{"embeddable":true,"href":"https:\/\/www.aspeninstitutece.org\/cs\/wp-json\/wp\/v2\/users\/2"}],"replies":[{"embeddable":true,"href":"https:\/\/www.aspeninstitutece.org\/cs\/wp-json\/wp\/v2\/comments?post=10962"}],"version-history":[{"count":9,"href":"https:\/\/www.aspeninstitutece.org\/cs\/wp-json\/wp\/v2\/pages\/10962\/revisions"}],"predecessor-version":[{"id":30050,"href":"https:\/\/www.aspeninstitutece.org\/cs\/wp-json\/wp\/v2\/pages\/10962\/revisions\/30050"}],"up":[{"embeddable":true,"href":"https:\/\/www.aspeninstitutece.org\/cs\/wp-json\/wp\/v2\/pages\/10953"}],"wp:featuredmedia":[{"embeddable":true,"href":"https:\/\/www.aspeninstitutece.org\/cs\/wp-json\/wp\/v2\/media\/5074"}],"wp:attachment":[{"href":"https:\/\/www.aspeninstitutece.org\/cs\/wp-json\/wp\/v2\/media?parent=10962"}],"curies":[{"name":"wp","href":"https:\/\/api.w.org\/{rel}","templated":true}]}}