{"id":11025,"date":"2024-09-30T16:36:55","date_gmt":"2024-09-30T14:36:55","guid":{"rendered":"https:\/\/aspeninstitutece.softmedia.cz\/programy\/technologie-inovace\/information-integrity\/"},"modified":"2024-11-22T13:19:38","modified_gmt":"2024-11-22T12:19:38","slug":"duveryhodnost-informaci","status":"publish","type":"page","link":"https:\/\/www.aspeninstitutece.org\/cs\/programy\/technologie-inovace\/duveryhodnost-informaci\/","title":{"rendered":"D\u016fv\u011bryhodnost informac\u00ed"},"content":{"rendered":"","protected":false},"excerpt":{"rendered":"","protected":false},"author":2,"featured_media":6342,"parent":10999,"menu_order":0,"comment_status":"closed","ping_status":"closed","template":"","meta":{"_acf_changed":false,"footnotes":""},"class_list":["post-11025","page","type-page","status-publish","has-post-thumbnail","hentry"],"acf":[],"_links":{"self":[{"href":"https:\/\/www.aspeninstitutece.org\/cs\/wp-json\/wp\/v2\/pages\/11025","targetHints":{"allow":["GET"]}}],"collection":[{"href":"https:\/\/www.aspeninstitutece.org\/cs\/wp-json\/wp\/v2\/pages"}],"about":[{"href":"https:\/\/www.aspeninstitutece.org\/cs\/wp-json\/wp\/v2\/types\/page"}],"author":[{"embeddable":true,"href":"https:\/\/www.aspeninstitutece.org\/cs\/wp-json\/wp\/v2\/users\/2"}],"replies":[{"embeddable":true,"href":"https:\/\/www.aspeninstitutece.org\/cs\/wp-json\/wp\/v2\/comments?post=11025"}],"version-history":[{"count":9,"href":"https:\/\/www.aspeninstitutece.org\/cs\/wp-json\/wp\/v2\/pages\/11025\/revisions"}],"predecessor-version":[{"id":30053,"href":"https:\/\/www.aspeninstitutece.org\/cs\/wp-json\/wp\/v2\/pages\/11025\/revisions\/30053"}],"up":[{"embeddable":true,"href":"https:\/\/www.aspeninstitutece.org\/cs\/wp-json\/wp\/v2\/pages\/10999"}],"wp:featuredmedia":[{"embeddable":true,"href":"https:\/\/www.aspeninstitutece.org\/cs\/wp-json\/wp\/v2\/media\/6342"}],"wp:attachment":[{"href":"https:\/\/www.aspeninstitutece.org\/cs\/wp-json\/wp\/v2\/media?parent=11025"}],"curies":[{"name":"wp","href":"https:\/\/api.w.org\/{rel}","templated":true}]}}