{"id":11049,"date":"2024-09-30T16:57:51","date_gmt":"2024-09-30T14:57:51","guid":{"rendered":"https:\/\/aspeninstitutece.softmedia.cz\/programy\/technologie-inovace\/ai-cybersecurity\/"},"modified":"2024-11-21T00:02:00","modified_gmt":"2024-11-20T23:02:00","slug":"umela-inteligence-a-kyberneticka-bezpecnost","status":"publish","type":"page","link":"https:\/\/www.aspeninstitutece.org\/cs\/programy\/technologie-inovace\/umela-inteligence-a-kyberneticka-bezpecnost\/","title":{"rendered":"Um\u011bl\u00e1 inteligence a kybernetick\u00e1 bezpe\u010dnost"},"content":{"rendered":"","protected":false},"excerpt":{"rendered":"","protected":false},"author":2,"featured_media":6345,"parent":10999,"menu_order":0,"comment_status":"closed","ping_status":"closed","template":"","meta":{"_acf_changed":false,"footnotes":""},"class_list":["post-11049","page","type-page","status-publish","has-post-thumbnail","hentry"],"acf":[],"_links":{"self":[{"href":"https:\/\/www.aspeninstitutece.org\/cs\/wp-json\/wp\/v2\/pages\/11049","targetHints":{"allow":["GET"]}}],"collection":[{"href":"https:\/\/www.aspeninstitutece.org\/cs\/wp-json\/wp\/v2\/pages"}],"about":[{"href":"https:\/\/www.aspeninstitutece.org\/cs\/wp-json\/wp\/v2\/types\/page"}],"author":[{"embeddable":true,"href":"https:\/\/www.aspeninstitutece.org\/cs\/wp-json\/wp\/v2\/users\/2"}],"replies":[{"embeddable":true,"href":"https:\/\/www.aspeninstitutece.org\/cs\/wp-json\/wp\/v2\/comments?post=11049"}],"version-history":[{"count":18,"href":"https:\/\/www.aspeninstitutece.org\/cs\/wp-json\/wp\/v2\/pages\/11049\/revisions"}],"predecessor-version":[{"id":29923,"href":"https:\/\/www.aspeninstitutece.org\/cs\/wp-json\/wp\/v2\/pages\/11049\/revisions\/29923"}],"up":[{"embeddable":true,"href":"https:\/\/www.aspeninstitutece.org\/cs\/wp-json\/wp\/v2\/pages\/10999"}],"wp:featuredmedia":[{"embeddable":true,"href":"https:\/\/www.aspeninstitutece.org\/cs\/wp-json\/wp\/v2\/media\/6345"}],"wp:attachment":[{"href":"https:\/\/www.aspeninstitutece.org\/cs\/wp-json\/wp\/v2\/media?parent=11049"}],"curies":[{"name":"wp","href":"https:\/\/api.w.org\/{rel}","templated":true}]}}