{"id":11071,"date":"2024-09-07T17:19:41","date_gmt":"2024-09-07T15:19:41","guid":{"rendered":"https:\/\/aspeninstitutece.softmedia.cz\/programy\/effectiveness-civil-service\/"},"modified":"2026-04-24T12:02:36","modified_gmt":"2026-04-24T10:02:36","slug":"efektivita-statni-spravy","status":"publish","type":"page","link":"https:\/\/www.aspeninstitutece.org\/cs\/programy\/efektivita-statni-spravy\/","title":{"rendered":"Efektivita st\u00e1tn\u00ed spr\u00e1vy"},"content":{"rendered":"","protected":false},"excerpt":{"rendered":"","protected":false},"author":2,"featured_media":0,"parent":9897,"menu_order":0,"comment_status":"closed","ping_status":"closed","template":"","meta":{"_acf_changed":false,"footnotes":""},"class_list":["post-11071","page","type-page","status-publish","hentry"],"acf":[],"_links":{"self":[{"href":"https:\/\/www.aspeninstitutece.org\/cs\/wp-json\/wp\/v2\/pages\/11071","targetHints":{"allow":["GET"]}}],"collection":[{"href":"https:\/\/www.aspeninstitutece.org\/cs\/wp-json\/wp\/v2\/pages"}],"about":[{"href":"https:\/\/www.aspeninstitutece.org\/cs\/wp-json\/wp\/v2\/types\/page"}],"author":[{"embeddable":true,"href":"https:\/\/www.aspeninstitutece.org\/cs\/wp-json\/wp\/v2\/users\/2"}],"replies":[{"embeddable":true,"href":"https:\/\/www.aspeninstitutece.org\/cs\/wp-json\/wp\/v2\/comments?post=11071"}],"version-history":[{"count":28,"href":"https:\/\/www.aspeninstitutece.org\/cs\/wp-json\/wp\/v2\/pages\/11071\/revisions"}],"predecessor-version":[{"id":32145,"href":"https:\/\/www.aspeninstitutece.org\/cs\/wp-json\/wp\/v2\/pages\/11071\/revisions\/32145"}],"up":[{"embeddable":true,"href":"https:\/\/www.aspeninstitutece.org\/cs\/wp-json\/wp\/v2\/pages\/9897"}],"wp:attachment":[{"href":"https:\/\/www.aspeninstitutece.org\/cs\/wp-json\/wp\/v2\/media?parent=11071"}],"curies":[{"name":"wp","href":"https:\/\/api.w.org\/{rel}","templated":true}]}}