{"id":11209,"date":"2024-09-07T17:17:46","date_gmt":"2024-09-07T15:17:46","guid":{"rendered":"https:\/\/aspeninstitutece.softmedia.cz\/program\/annual-conference\/"},"modified":"2026-03-17T10:54:02","modified_gmt":"2026-03-17T09:54:02","slug":"vyrocni-konference","status":"publish","type":"page","link":"https:\/\/www.aspeninstitutece.org\/cs\/programy\/vyrocni-konference\/","title":{"rendered":"V\u00fdro\u010dn\u00ed konference"},"content":{"rendered":"","protected":false},"excerpt":{"rendered":"","protected":false},"author":2,"featured_media":0,"parent":9897,"menu_order":0,"comment_status":"closed","ping_status":"closed","template":"","meta":{"_acf_changed":false,"footnotes":""},"class_list":["post-11209","page","type-page","status-publish","hentry"],"acf":[],"_links":{"self":[{"href":"https:\/\/www.aspeninstitutece.org\/cs\/wp-json\/wp\/v2\/pages\/11209","targetHints":{"allow":["GET"]}}],"collection":[{"href":"https:\/\/www.aspeninstitutece.org\/cs\/wp-json\/wp\/v2\/pages"}],"about":[{"href":"https:\/\/www.aspeninstitutece.org\/cs\/wp-json\/wp\/v2\/types\/page"}],"author":[{"embeddable":true,"href":"https:\/\/www.aspeninstitutece.org\/cs\/wp-json\/wp\/v2\/users\/2"}],"replies":[{"embeddable":true,"href":"https:\/\/www.aspeninstitutece.org\/cs\/wp-json\/wp\/v2\/comments?post=11209"}],"version-history":[{"count":10,"href":"https:\/\/www.aspeninstitutece.org\/cs\/wp-json\/wp\/v2\/pages\/11209\/revisions"}],"predecessor-version":[{"id":31814,"href":"https:\/\/www.aspeninstitutece.org\/cs\/wp-json\/wp\/v2\/pages\/11209\/revisions\/31814"}],"up":[{"embeddable":true,"href":"https:\/\/www.aspeninstitutece.org\/cs\/wp-json\/wp\/v2\/pages\/9897"}],"wp:attachment":[{"href":"https:\/\/www.aspeninstitutece.org\/cs\/wp-json\/wp\/v2\/media?parent=11209"}],"curies":[{"name":"wp","href":"https:\/\/api.w.org\/{rel}","templated":true}]}}